{"id":271,"date":"2021-10-13T21:25:33","date_gmt":"2021-10-13T21:25:33","guid":{"rendered":"https:\/\/wordpress-722045-2402992.cloudwaysapps.com\/?post_type=product&#038;p=356"},"modified":"2021-10-13T21:25:33","modified_gmt":"2021-10-13T21:25:33","slug":"handmade-ceramic-mug","status":"publish","type":"product","link":"https:\/\/homeandexperience.com\/fr\/produit\/handmade-ceramic-mug\/","title":{"rendered":"Tasse en c\u00e9ramique faite \u00e0 la main"},"content":{"rendered":"<p>Cette tasse de th\u00e9 ou de caf\u00e9 unique est faite d'argile noire et \u00e9maill\u00e9e dans un style de ferme.<\/p>","protected":false},"excerpt":{"rendered":"<p>Cette tasse de th\u00e9 ou de caf\u00e9 unique est faite d'argile noire et \u00e9maill\u00e9e dans un style de ferme.<\/p>","protected":false},"featured_media":80,"comment_status":"open","ping_status":"closed","template":"","meta":[],"product_brand":[],"product_cat":[98,101],"product_tag":[],"class_list":{"0":"post-271","1":"product","2":"type-product","3":"status-publish","4":"has-post-thumbnail","6":"product_cat-gadgets","7":"product_cat-kitchen","9":"first","10":"instock","11":"shipping-taxable","12":"purchasable","13":"product-type-simple"},"_links":{"self":[{"href":"https:\/\/homeandexperience.com\/fr\/wp-json\/wp\/v2\/product\/271","targetHints":{"allow":["GET"]}}],"collection":[{"href":"https:\/\/homeandexperience.com\/fr\/wp-json\/wp\/v2\/product"}],"about":[{"href":"https:\/\/homeandexperience.com\/fr\/wp-json\/wp\/v2\/types\/product"}],"replies":[{"embeddable":true,"href":"https:\/\/homeandexperience.com\/fr\/wp-json\/wp\/v2\/comments?post=271"}],"wp:featuredmedia":[{"embeddable":true,"href":"https:\/\/homeandexperience.com\/fr\/wp-json\/wp\/v2\/media\/80"}],"wp:attachment":[{"href":"https:\/\/homeandexperience.com\/fr\/wp-json\/wp\/v2\/media?parent=271"}],"wp:term":[{"taxonomy":"product_brand","embeddable":true,"href":"https:\/\/homeandexperience.com\/fr\/wp-json\/wp\/v2\/product_brand?post=271"},{"taxonomy":"product_cat","embeddable":true,"href":"https:\/\/homeandexperience.com\/fr\/wp-json\/wp\/v2\/product_cat?post=271"},{"taxonomy":"product_tag","embeddable":true,"href":"https:\/\/homeandexperience.com\/fr\/wp-json\/wp\/v2\/product_tag?post=271"}],"curies":[{"name":"wp","href":"https:\/\/api.w.org\/{rel}","templated":true}]}}