{"id":270,"date":"2021-10-13T21:25:33","date_gmt":"2021-10-13T21:25:33","guid":{"rendered":"https:\/\/wordpress-722045-2402992.cloudwaysapps.com\/?post_type=product&#038;p=355"},"modified":"2021-10-13T21:25:33","modified_gmt":"2021-10-13T21:25:33","slug":"wicker-basket","status":"publish","type":"product","link":"https:\/\/homeandexperience.com\/fr\/produit\/wicker-basket\/","title":{"rendered":"Panier en osier"},"content":{"rendered":"<p>Les paniers en osier sont utilis\u00e9s pour stocker des choses depuis des milliers d'ann\u00e9es, il est donc juste de dire que c'est un concept r\u00e9ussi.<\/p>","protected":false},"excerpt":{"rendered":"<p>Les paniers en osier sont utilis\u00e9s pour stocker des choses depuis des milliers d'ann\u00e9es, il est donc juste de dire que c'est un concept r\u00e9ussi.<\/p>","protected":false},"featured_media":88,"comment_status":"open","ping_status":"closed","template":"","meta":[],"product_brand":[],"product_cat":[100,98,97],"product_tag":[],"class_list":{"0":"post-270","1":"product","2":"type-product","3":"status-publish","4":"has-post-thumbnail","6":"product_cat-bath","7":"product_cat-gadgets","8":"product_cat-living","10":"first","11":"instock","12":"sale","13":"shipping-taxable","14":"purchasable","15":"product-type-simple"},"_links":{"self":[{"href":"https:\/\/homeandexperience.com\/fr\/wp-json\/wp\/v2\/product\/270","targetHints":{"allow":["GET"]}}],"collection":[{"href":"https:\/\/homeandexperience.com\/fr\/wp-json\/wp\/v2\/product"}],"about":[{"href":"https:\/\/homeandexperience.com\/fr\/wp-json\/wp\/v2\/types\/product"}],"replies":[{"embeddable":true,"href":"https:\/\/homeandexperience.com\/fr\/wp-json\/wp\/v2\/comments?post=270"}],"wp:featuredmedia":[{"embeddable":true,"href":"https:\/\/homeandexperience.com\/fr\/wp-json\/wp\/v2\/media\/88"}],"wp:attachment":[{"href":"https:\/\/homeandexperience.com\/fr\/wp-json\/wp\/v2\/media?parent=270"}],"wp:term":[{"taxonomy":"product_brand","embeddable":true,"href":"https:\/\/homeandexperience.com\/fr\/wp-json\/wp\/v2\/product_brand?post=270"},{"taxonomy":"product_cat","embeddable":true,"href":"https:\/\/homeandexperience.com\/fr\/wp-json\/wp\/v2\/product_cat?post=270"},{"taxonomy":"product_tag","embeddable":true,"href":"https:\/\/homeandexperience.com\/fr\/wp-json\/wp\/v2\/product_tag?post=270"}],"curies":[{"name":"wp","href":"https:\/\/api.w.org\/{rel}","templated":true}]}}