{"id":267,"date":"2021-10-13T21:25:33","date_gmt":"2021-10-13T21:25:33","guid":{"rendered":"https:\/\/wordpress-722045-2402992.cloudwaysapps.com\/?post_type=product&#038;p=352"},"modified":"2021-10-13T21:25:33","modified_gmt":"2021-10-13T21:25:33","slug":"organic-bath-towels","status":"publish","type":"product","link":"https:\/\/homeandexperience.com\/fr\/produit\/organic-bath-towels\/","title":{"rendered":"Serviettes de bain biologiques"},"content":{"rendered":"<p>Serviettes en peluche qui sont exceptionnellement douces, \u00e9paisses et luxueuses. Plus que simplement confortables, les longues boucles sont absorbantes, s\u00e8chent rapidement et sont con\u00e7ues pour r\u00e9sister \u00e0 des ann\u00e9es d'utilisation r\u00e9guli\u00e8re pour ceux qui aiment leurs serviettes pleines et moelleuses.<\/p>","protected":false},"excerpt":{"rendered":"<p>Serviettes en peluche qui sont exceptionnellement douces, \u00e9paisses et luxueuses. Plus que simplement confortables, les longues boucles sont absorbantes, s\u00e8chent rapidement et sont con\u00e7ues pour r\u00e9sister \u00e0 des ann\u00e9es d'utilisation r\u00e9guli\u00e8re pour ceux qui aiment leurs serviettes pleines et moelleuses.<\/p>","protected":false},"featured_media":77,"comment_status":"open","ping_status":"closed","template":"","meta":[],"product_brand":[],"product_cat":[100],"product_tag":[],"class_list":{"0":"post-267","1":"product","2":"type-product","3":"status-publish","4":"has-post-thumbnail","6":"product_cat-bath","8":"first","9":"instock","10":"sale","11":"shipping-taxable","12":"purchasable","13":"product-type-simple"},"_links":{"self":[{"href":"https:\/\/homeandexperience.com\/fr\/wp-json\/wp\/v2\/product\/267","targetHints":{"allow":["GET"]}}],"collection":[{"href":"https:\/\/homeandexperience.com\/fr\/wp-json\/wp\/v2\/product"}],"about":[{"href":"https:\/\/homeandexperience.com\/fr\/wp-json\/wp\/v2\/types\/product"}],"replies":[{"embeddable":true,"href":"https:\/\/homeandexperience.com\/fr\/wp-json\/wp\/v2\/comments?post=267"}],"wp:featuredmedia":[{"embeddable":true,"href":"https:\/\/homeandexperience.com\/fr\/wp-json\/wp\/v2\/media\/77"}],"wp:attachment":[{"href":"https:\/\/homeandexperience.com\/fr\/wp-json\/wp\/v2\/media?parent=267"}],"wp:term":[{"taxonomy":"product_brand","embeddable":true,"href":"https:\/\/homeandexperience.com\/fr\/wp-json\/wp\/v2\/product_brand?post=267"},{"taxonomy":"product_cat","embeddable":true,"href":"https:\/\/homeandexperience.com\/fr\/wp-json\/wp\/v2\/product_cat?post=267"},{"taxonomy":"product_tag","embeddable":true,"href":"https:\/\/homeandexperience.com\/fr\/wp-json\/wp\/v2\/product_tag?post=267"}],"curies":[{"name":"wp","href":"https:\/\/api.w.org\/{rel}","templated":true}]}}