{"id":351,"date":"2026-02-08T04:38:41","date_gmt":"2026-02-08T03:38:41","guid":{"rendered":"https:\/\/homeandexperience.com\/product\/reverse-withdrawal-payment\/"},"modified":"2026-02-08T04:38:41","modified_gmt":"2026-02-08T03:38:41","slug":"reverse-withdrawal-payment","status":"publish","type":"product","link":"https:\/\/homeandexperience.com\/de\/produkt\/reverse-withdrawal-payment\/","title":{"rendered":"R\u00fcckzahlungszahlung"},"content":{"rendered":"<p>Dies ist das R\u00fcckzahlungszahlungsprodukt von Dokan, bitte nicht l\u00f6schen.<\/p>","protected":false},"excerpt":{"rendered":"<p>Dies ist das R\u00fcckzahlungszahlungsprodukt von Dokan, bitte nicht l\u00f6schen.<\/p>","protected":false},"featured_media":0,"comment_status":"open","ping_status":"closed","template":"","meta":[],"product_brand":[],"product_cat":[15],"product_tag":[],"class_list":{"0":"post-351","1":"product","2":"type-product","3":"status-publish","5":"product_cat-uncategorized","7":"first","8":"instock","9":"virtual","10":"sold-individually","11":"purchasable","12":"product-type-simple"},"_links":{"self":[{"href":"https:\/\/homeandexperience.com\/de\/wp-json\/wp\/v2\/product\/351","targetHints":{"allow":["GET"]}}],"collection":[{"href":"https:\/\/homeandexperience.com\/de\/wp-json\/wp\/v2\/product"}],"about":[{"href":"https:\/\/homeandexperience.com\/de\/wp-json\/wp\/v2\/types\/product"}],"replies":[{"embeddable":true,"href":"https:\/\/homeandexperience.com\/de\/wp-json\/wp\/v2\/comments?post=351"}],"wp:attachment":[{"href":"https:\/\/homeandexperience.com\/de\/wp-json\/wp\/v2\/media?parent=351"}],"wp:term":[{"taxonomy":"product_brand","embeddable":true,"href":"https:\/\/homeandexperience.com\/de\/wp-json\/wp\/v2\/product_brand?post=351"},{"taxonomy":"product_cat","embeddable":true,"href":"https:\/\/homeandexperience.com\/de\/wp-json\/wp\/v2\/product_cat?post=351"},{"taxonomy":"product_tag","embeddable":true,"href":"https:\/\/homeandexperience.com\/de\/wp-json\/wp\/v2\/product_tag?post=351"}],"curies":[{"name":"wp","href":"https:\/\/api.w.org\/{rel}","templated":true}]}}