{"id":267,"date":"2021-10-13T21:25:33","date_gmt":"2021-10-13T21:25:33","guid":{"rendered":"https:\/\/wordpress-722045-2402992.cloudwaysapps.com\/?post_type=product&#038;p=352"},"modified":"2021-10-13T21:25:33","modified_gmt":"2021-10-13T21:25:33","slug":"organic-bath-towels","status":"publish","type":"product","link":"https:\/\/homeandexperience.com\/de\/produkt\/organic-bath-towels\/","title":{"rendered":"Organische Badet\u00fccher"},"content":{"rendered":"<p>Pl\u00fcschige Handt\u00fccher, die au\u00dfergew\u00f6hnlich weich, dick und luxuri\u00f6s sind. Mehr als nur gem\u00fctlich, sind die langen Schlaufen saugf\u00e4hig, schnell trocknend und darauf ausgelegt, jahrelang regelm\u00e4\u00dfigen Gebrauch standzuhalten f\u00fcr diejenigen, die ihre Handt\u00fccher voll und flauschig m\u00f6gen.<\/p>","protected":false},"excerpt":{"rendered":"<p>Pl\u00fcschige Handt\u00fccher, die au\u00dfergew\u00f6hnlich weich, dick und luxuri\u00f6s sind. Mehr als nur gem\u00fctlich, sind die langen Schlaufen saugf\u00e4hig, schnell trocknend und darauf ausgelegt, jahrelang regelm\u00e4\u00dfigen Gebrauch standzuhalten f\u00fcr diejenigen, die ihre Handt\u00fccher voll und flauschig m\u00f6gen.<\/p>","protected":false},"featured_media":77,"comment_status":"open","ping_status":"closed","template":"","meta":[],"product_brand":[],"product_cat":[100],"product_tag":[],"class_list":{"0":"post-267","1":"product","2":"type-product","3":"status-publish","4":"has-post-thumbnail","6":"product_cat-bath","8":"first","9":"instock","10":"sale","11":"shipping-taxable","12":"purchasable","13":"product-type-simple"},"_links":{"self":[{"href":"https:\/\/homeandexperience.com\/de\/wp-json\/wp\/v2\/product\/267","targetHints":{"allow":["GET"]}}],"collection":[{"href":"https:\/\/homeandexperience.com\/de\/wp-json\/wp\/v2\/product"}],"about":[{"href":"https:\/\/homeandexperience.com\/de\/wp-json\/wp\/v2\/types\/product"}],"replies":[{"embeddable":true,"href":"https:\/\/homeandexperience.com\/de\/wp-json\/wp\/v2\/comments?post=267"}],"wp:featuredmedia":[{"embeddable":true,"href":"https:\/\/homeandexperience.com\/de\/wp-json\/wp\/v2\/media\/77"}],"wp:attachment":[{"href":"https:\/\/homeandexperience.com\/de\/wp-json\/wp\/v2\/media?parent=267"}],"wp:term":[{"taxonomy":"product_brand","embeddable":true,"href":"https:\/\/homeandexperience.com\/de\/wp-json\/wp\/v2\/product_brand?post=267"},{"taxonomy":"product_cat","embeddable":true,"href":"https:\/\/homeandexperience.com\/de\/wp-json\/wp\/v2\/product_cat?post=267"},{"taxonomy":"product_tag","embeddable":true,"href":"https:\/\/homeandexperience.com\/de\/wp-json\/wp\/v2\/product_tag?post=267"}],"curies":[{"name":"wp","href":"https:\/\/api.w.org\/{rel}","templated":true}]}}